{"id":573,"date":"2020-06-25T10:19:55","date_gmt":"2020-06-25T10:19:55","guid":{"rendered":"https:\/\/flsa-ks.com?page_id=573"},"modified":"2026-02-02T08:06:01","modified_gmt":"2026-02-02T08:06:01","slug":"contact-us","status":"publish","type":"page","link":"https:\/\/flsa-ks.com\/index.php\/contact-us\/","title":{"rendered":"Kontakti"},"content":{"rendered":"\t\t<div data-elementor-type=\"wp-page\" data-elementor-id=\"573\" class=\"elementor elementor-573\">\n\t\t\t\t\t\t<section class=\"elementor-section elementor-top-section elementor-element elementor-element-62848af elementor-section-stretched elementor-section-full_width new-rifat-contact-option elementor-section-height-default elementor-section-height-default\" data-id=\"62848af\" data-element_type=\"section\" data-settings=\"{&quot;stretch_section&quot;:&quot;section-stretched&quot;}\">\n\t\t\t\t\t\t<div class=\"elementor-container elementor-column-gap-default\">\n\t\t\t\t\t<div class=\"elementor-column elementor-col-100 elementor-top-column elementor-element elementor-element-a9c57ee\" data-id=\"a9c57ee\" data-element_type=\"column\">\n\t\t\t<div class=\"elementor-widget-wrap elementor-element-populated\">\n\t\t\t\t\t\t<div class=\"elementor-element elementor-element-f920b26 elementor-widget elementor-widget-fioonca_contact_info\" data-id=\"f920b26\" data-element_type=\"widget\" data-widget_type=\"fioonca_contact_info.default\">\n\t\t\t\t<div class=\"elementor-widget-container\">\n\t\t\t\t\t\t\t<!-- contact-information -->\r\n\t\t<section class=\"contact-information centred\">\r\n\t\t\t<div class=\"auto-container\">\r\n\t\t\t\t<div class=\"sec-title right\">\r\n\t\t\t\t\t<h5>Kontakti<\/h5>\r\n\t\t\t\t\t<h2 class=\"heading\"><\/h2>\r\n\t\t\t\t<\/div>\r\n\t\t\t\t<div class=\"row clearfix\">\r\n\t\t\t\t\t\t\t\t\t\t\t<div class=\"col-lg-4 col-md-6 col-sm-12 single-column\">\r\n\t\t\t\t\t\t\t<div class=\"single-item wow fadeInLeft\" data-wow-delay=\"0ms\" data-wow-duration=\"1500ms\">\r\n\t\t\t\t\t\t\t\t<div class=\"inner-box\">\r\n\t\t\t\t\t\t\t\t\t<div class=\"icon-box\"><\/div>\r\n\t\t\t\t\t\t\t\t\t<h3>Adresa e Zyr\u00ebs<\/h3>\r\n\t\t\t\t\t\t\t\t\t<p><p>Prishtin\u00eb - Kosovo<\/p><\/p>\r\n\t\t\t\t\t\t\t\t<\/div>\r\n\t\t\t\t\t\t\t<\/div>\r\n\t\t\t\t\t\t<\/div> \t\t\t\t\t\t<div class=\"col-lg-4 col-md-6 col-sm-12 single-column\">\r\n\t\t\t\t\t\t\t<div class=\"single-item wow fadeInLeft\" data-wow-delay=\"0ms\" data-wow-duration=\"1500ms\">\r\n\t\t\t\t\t\t\t\t<div class=\"inner-box\">\r\n\t\t\t\t\t\t\t\t\t<div class=\"icon-box\"><\/div>\r\n\t\t\t\t\t\t\t\t\t<h3>Telefoni <\/h3>\r\n\t\t\t\t\t\t\t\t\t<p><p><a href=\"tel:38345273605\">+383 45 273 605<\/a><\/p><\/p>\r\n\t\t\t\t\t\t\t\t<\/div>\r\n\t\t\t\t\t\t\t<\/div>\r\n\t\t\t\t\t\t<\/div> \t\t\t\t\t\t<div class=\"col-lg-4 col-md-6 col-sm-12 single-column\">\r\n\t\t\t\t\t\t\t<div class=\"single-item wow fadeInLeft\" data-wow-delay=\"0ms\" data-wow-duration=\"1500ms\">\r\n\t\t\t\t\t\t\t\t<div class=\"inner-box\">\r\n\t\t\t\t\t\t\t\t\t<div class=\"icon-box\"><\/div>\r\n\t\t\t\t\t\t\t\t\t<h3>Email<\/h3>\r\n\t\t\t\t\t\t\t\t\t<p><p><a href=\"mailto:info@flsa-ks.com\">info@flsa-ks.com<\/a><br><a href=\"mailto:flsa2007@yahoo.com\">flsa2007@yahoo.com<\/a><\/p><\/p>\r\n\t\t\t\t\t\t\t\t<\/div>\r\n\t\t\t\t\t\t\t<\/div>\r\n\t\t\t\t\t\t<\/div> \r\n\t\t\t\t<\/div>\r\n\t\t\t<\/div>\r\n\t\t<\/section>\r\n\t\t<!-- contact-information end -->\r\n\t\t\t\t\t\t<\/div>\n\t\t\t\t<\/div>\n\t\t\t\t\t<\/div>\n\t\t<\/div>\n\t\t\t\t\t<\/div>\n\t\t<\/section>\n\t\t\t\t<section class=\"elementor-section elementor-top-section elementor-element elementor-element-522bfdb elementor-section-stretched elementor-section-full_width elementor-section-height-default elementor-section-height-default\" data-id=\"522bfdb\" data-element_type=\"section\" id=\"contactfrm\" data-settings=\"{&quot;stretch_section&quot;:&quot;section-stretched&quot;}\">\n\t\t\t\t\t\t<div class=\"elementor-container elementor-column-gap-default\">\n\t\t\t\t\t<div class=\"elementor-column elementor-col-100 elementor-top-column elementor-element elementor-element-0512ccc\" data-id=\"0512ccc\" data-element_type=\"column\">\n\t\t\t<div class=\"elementor-widget-wrap\">\n\t\t\t\t\t\t\t<\/div>\n\t\t<\/div>\n\t\t\t\t\t<\/div>\n\t\t<\/section>\n\t\t\t\t<section class=\"elementor-section elementor-top-section elementor-element elementor-element-127d53a elementor-section-stretched elementor-section-full_width elementor-section-height-default elementor-section-height-default\" data-id=\"127d53a\" data-element_type=\"section\" data-settings=\"{&quot;stretch_section&quot;:&quot;section-stretched&quot;}\">\n\t\t\t\t\t\t<div class=\"elementor-container elementor-column-gap-default\">\n\t\t\t\t\t<div class=\"elementor-column elementor-col-100 elementor-top-column elementor-element elementor-element-dfa37ca\" data-id=\"dfa37ca\" data-element_type=\"column\">\n\t\t\t<div class=\"elementor-widget-wrap elementor-element-populated\">\n\t\t\t\t\t\t<div class=\"elementor-element elementor-element-0d66eab elementor-widget elementor-widget-fionca_contact_form\" data-id=\"0d66eab\" data-element_type=\"widget\" data-widget_type=\"fionca_contact_form.default\">\n\t\t\t\t<div class=\"elementor-widget-container\">\n\t\t\t\t\t <!-- contact-section -->\r\n\t\t\t\t\t\t<!-- contact-style-two -->\r\n\t<section class=\"contact-style-two\" style=\"background-image: url(https:\/\/flsa-ks.com\/wp-content\/uploads\/2020\/06\/contact-3.jpg);\">\r\n\t\t<div class=\"auto-container\">\r\n\t\t\t<div class=\"col-xl-12 col-lg-12 col-md-12 inner-column\">\r\n\t\t\t\t<div class=\"sec-title left light\">\r\n\t\t\t\t\t<h2 class=\"heading\"> FORMA E APLIKIMIT ONLINE<\/h2>\r\n\t\t\t\t\t<p><\/p>\r\n\t\t\t\t<\/div>\r\n\t\t\t\t\t\t\n<div class=\"wpcf7 no-js\" id=\"wpcf7-f589-o1\" lang=\"en-US\" dir=\"ltr\" data-wpcf7-id=\"589\">\n<div class=\"screen-reader-response\"><p role=\"status\" aria-live=\"polite\" aria-atomic=\"true\"><\/p> <ul><\/ul><\/div>\n<form action=\"\/index.php\/wp-json\/wp\/v2\/pages\/573#wpcf7-f589-o1\" method=\"post\" class=\"wpcf7-form init\" aria-label=\"Contact form\" novalidate=\"novalidate\" data-status=\"init\">\n<fieldset class=\"hidden-fields-container\"><input type=\"hidden\" name=\"_wpcf7\" value=\"589\" \/><input type=\"hidden\" name=\"_wpcf7_version\" value=\"6.1.4\" \/><input type=\"hidden\" name=\"_wpcf7_locale\" value=\"en_US\" \/><input type=\"hidden\" name=\"_wpcf7_unit_tag\" value=\"wpcf7-f589-o1\" \/><input type=\"hidden\" name=\"_wpcf7_container_post\" value=\"0\" \/><input type=\"hidden\" name=\"_wpcf7_posted_data_hash\" value=\"\" \/>\n<\/fieldset>\n<style>\n .flsa-form-label {\n display: block;\n margin-bottom: 8px;\n color: #ffffff !important;\n font-weight: 500;\n }\n\/* Placeholder text inside inputs *\/\n input::placeholder,\n textarea::placeholder {\n color: rgba(0, 0, 0, 0.45);\n }\n .flsa-form-group {\n margin-bottom: 20px;\n }\n .flsa-consent-text {\n color: #ffffff !important;\n font-size: 14px;\n line-height: 1.4;\n }\n \/* Make checkbox label text white *\/\n .wpcf7-list-item-label {\n color: #ffffff !important;\n }\n \/* Style the checkbox itself *\/\n input[type=\"checkbox\"] {\n margin-right: 10px;\n }\n \/* Style for select dropdowns *\/\n select.wpcf7-form-control,\n input.wpcf7-form-control,\n textarea.wpcf7-form-control {\n width: 100%;\n padding: 12px 15px;\n border: 1px solid #ddd;\n border-radius: 4px;\n background-color: #fff;\n color: rgba(0, 0, 0, 0.85);\n font-size: 14px;\n }\n select.wpcf7-form-control {\n height: 46px;\n }\n<\/style>\n<div class=\"default-form\">\n\t<div class=\"row clearfix\">\n \n <!-- Name Field -->\n\t\t<div class=\"col-lg-6 col-md-6 col-sm-12 form-group flsa-form-group\">\n\t\t\t<p><label class=\"flsa-form-label\">Emri dhe Mbiemri*<\/label><br \/>\n<span class=\"wpcf7-form-control-wrap\" data-name=\"your-name\"><input size=\"40\" maxlength=\"400\" class=\"wpcf7-form-control wpcf7-text wpcf7-validates-as-required\" aria-required=\"true\" aria-invalid=\"false\" placeholder=\"Shkruani emrin dhe mbiemrin\" value=\"\" type=\"text\" name=\"your-name\" \/><\/span>\n\t\t\t<\/p>\n\t\t<\/div>\n \n <!-- Gender Field (Dropdown) -->\n\t\t<div class=\"col-lg-6 col-md-6 col-sm-12 form-group flsa-form-group\">\n\t\t\t<p><label class=\"flsa-form-label\">Gjinia*<\/label><br \/>\n<span class=\"wpcf7-form-control-wrap\" data-name=\"gender\"><select class=\"wpcf7-form-control wpcf7-select wpcf7-validates-as-required\" aria-required=\"true\" aria-invalid=\"false\" name=\"gender\"><option value=\"\">&#8212;Please choose an option&#8212;<\/option><option value=\"Mashkull\">Mashkull<\/option><option value=\"Fem\u00ebr\">Fem\u00ebr<\/option><\/select><\/span>\n\t\t\t<\/p>\n\t\t<\/div>\n \n <!-- Organization Field -->\n\t\t<div class=\"col-lg-6 col-md-6 col-sm-12 form-group flsa-form-group\">\n\t\t\t<p><label class=\"flsa-form-label\">Organizata\/Institucioni\/Kompania<\/label><br \/>\n<span class=\"wpcf7-form-control-wrap\" data-name=\"organization\"><input size=\"40\" maxlength=\"400\" class=\"wpcf7-form-control wpcf7-text\" aria-invalid=\"false\" placeholder=\"Shkruani emrin e organizat\u00ebs\" value=\"\" type=\"text\" name=\"organization\" \/><\/span>\n\t\t\t<\/p>\n\t\t<\/div>\n \n <!-- Position Field -->\n\t\t<div class=\"col-lg-6 col-md-6 col-sm-12 form-group flsa-form-group\">\n\t\t\t<p><label class=\"flsa-form-label\">Pozita\/Profesioni Aktual<\/label><br \/>\n<span class=\"wpcf7-form-control-wrap\" data-name=\"position\"><input size=\"40\" maxlength=\"400\" class=\"wpcf7-form-control wpcf7-text\" aria-invalid=\"false\" placeholder=\"Shkruani pozit\u00ebn tuaj\" value=\"\" type=\"text\" name=\"position\" \/><\/span>\n\t\t\t<\/p>\n\t\t<\/div>\n \n <!-- Email Field -->\n\t\t<div class=\"col-lg-6 col-md-6 col-sm-12 form-group flsa-form-group\">\n\t\t\t<p><label class=\"flsa-form-label\">Emaili*<\/label><br \/>\n<span class=\"wpcf7-form-control-wrap\" data-name=\"your-email\"><input size=\"40\" maxlength=\"400\" class=\"wpcf7-form-control wpcf7-email wpcf7-validates-as-required wpcf7-text wpcf7-validates-as-email\" aria-required=\"true\" aria-invalid=\"false\" placeholder=\"E-mail\" value=\"\" type=\"email\" name=\"your-email\" \/><\/span>\n\t\t\t<\/p>\n\t\t<\/div>\n \n <!-- Phone Field -->\n\t\t<div class=\"col-lg-6 col-md-6 col-sm-12 form-group flsa-form-group\">\n\t\t\t<p><label class=\"flsa-form-label\">Nr. Telefoni<\/label><br \/>\n<span class=\"wpcf7-form-control-wrap\" data-name=\"your-phone\"><input size=\"40\" maxlength=\"400\" class=\"wpcf7-form-control wpcf7-tel wpcf7-text wpcf7-validates-as-tel\" aria-invalid=\"false\" placeholder=\"+383 XX XXX XXX\" value=\"\" type=\"tel\" name=\"your-phone\" \/><\/span>\n\t\t\t<\/p>\n\t\t<\/div>\n \n <!-- WhatsApp Field -->\n\t\t<div class=\"col-lg-6 col-md-6 col-sm-12 form-group flsa-form-group\">\n\t\t\t<p><label class=\"flsa-form-label\">Numri Whatsapp (Optional)<\/label><br \/>\n<span class=\"wpcf7-form-control-wrap\" data-name=\"whatsapp-number\"><input size=\"40\" maxlength=\"400\" class=\"wpcf7-form-control wpcf7-tel wpcf7-text wpcf7-validates-as-tel\" aria-invalid=\"false\" placeholder=\"+383 XX XXX XXX (opsional)\" value=\"\" type=\"tel\" name=\"whatsapp-number\" \/><\/span>\n\t\t\t<\/p>\n\t\t<\/div>\n \n <!-- Training Selection Field -->\n\t\t<div class=\"col-lg-6 col-md-6 col-sm-12 form-group flsa-form-group\">\n\t\t\t<p><label class=\"flsa-form-label\">Zgjidh Trajnimin\/Seminarin\/Konferenc\u00ebn*<\/label><br \/>\n<span class=\"wpcf7-form-control-wrap\" data-name=\"training-type\"><select class=\"wpcf7-form-control wpcf7-select wpcf7-validates-as-required\" aria-required=\"true\" aria-invalid=\"false\" name=\"training-type\"><option value=\"\">&#8212;Please choose an option&#8212;<\/option><option value=\"Administrimi i Pun\u00ebs n\u00eb Zyr\u00eb, Komunikimi dhe Menaxhimi i Dokumenteve - 2026-01-28\">Administrimi i Pun\u00ebs n\u00eb Zyr\u00eb, Komunikimi dhe Menaxhimi i Dokumenteve - 2026-01-28<\/option><option value=\"Rregullimi i Aktivitetit Bankar dhe Financiar n\u00eb Kosov\u00eb sipas Ligjit t\u00eb Ri p\u00ebr Bankat \u2013 Ndryshimet dhe t\u00eb Rejat - 2026-01-28\">Rregullimi i Aktivitetit Bankar dhe Financiar n\u00eb Kosov\u00eb sipas Ligjit t\u00eb Ri p\u00ebr Bankat \u2013 Ndryshimet dhe t\u00eb Rejat - 2026-01-28<\/option><option value=\"Nga Komunikimi n\u00eb Performanc\u00eb: Menaxhimi i Koh\u00ebs, Stresit dhe Efikasitetit n\u00eb Sektorin Bankar, Mikrofinanciar dhe Financiar Jo-Bankar - 2026-01-28\">Nga Komunikimi n\u00eb Performanc\u00eb: Menaxhimi i Koh\u00ebs, Stresit dhe Efikasitetit n\u00eb Sektorin Bankar, Mikrofinanciar dhe Financiar Jo-Bankar - 2026-01-28<\/option><option value=\"Cikli i Proceseve t\u00eb Prokurimit Publik n\u00eb Realizimin e Buxhetit t\u00eb Planifikuar - 2026-01-28\">Cikli i Proceseve t\u00eb Prokurimit Publik n\u00eb Realizimin e Buxhetit t\u00eb Planifikuar - 2026-01-28<\/option><option value=\"Bashk\u00ebrendimi i Proceseve Administrative: Inovacionet Digjitale, Etika Profesionale dhe Vendimmarrja - 2026-01-28\">Bashk\u00ebrendimi i Proceseve Administrative: Inovacionet Digjitale, Etika Profesionale dhe Vendimmarrja - 2026-01-28<\/option><\/select><\/span>\n\t\t\t<\/p>\n\t\t<\/div>\n \n <!-- Subject Field -->\n\t\t<div class=\"col-lg-12 col-md-12 col-sm-12 form-group flsa-form-group\">\n\t\t\t<p><label class=\"flsa-form-label\">Informata shtes\u00eb<\/label><br \/>\n<span class=\"wpcf7-form-control-wrap\" data-name=\"your-subject\"><input size=\"40\" maxlength=\"400\" class=\"wpcf7-form-control wpcf7-text\" aria-invalid=\"false\" placeholder=\"Informata shtes\u00eb\" value=\"\" type=\"text\" name=\"your-subject\" \/><\/span>\n\t\t\t<\/p>\n\t\t<\/div>\n \n <!-- Consent Checkbox -->\n\t\t<div class=\"col-lg-12 col-md-12 col-sm-12 form-group flsa-form-group\">\n\t\t\t<div class=\"flsa-consent-text\">\n\t\t\t\t<p><span class=\"wpcf7-form-control-wrap\" data-name=\"consent\"><span class=\"wpcf7-form-control wpcf7-acceptance\"><span class=\"wpcf7-list-item\"><label><input type=\"checkbox\" name=\"consent\" value=\"1\" aria-invalid=\"false\" \/><span class=\"wpcf7-list-item-label\">Me shtypjen\/klikimin e butonit \u201cAPLIKO TANI\u201d, deklaroj se jap vullnetarisht p\u00eblqimin tim q\u00eb Financial Law Smart Agency L.L.C. (FLSA), q\u00eb n\u00eb pajtim me Ligjin p\u00ebr Mbrojtjen e t\u00eb Dh\u00ebnave Personale n\u00eb fuqi, t\u00eb mbledh\u00eb, p\u00ebrpunoj\u00eb dhe ruaj\u00eb t\u00eb dh\u00ebnat e mia personale t\u00eb paraqitura n\u00eb k\u00ebt\u00eb formular, p\u00ebr q\u00ebllime identifikimi, administrimi t\u00eb marr\u00ebdh\u00ebnies kontraktuale\/afariste, krijimit t\u00eb baz\u00ebs s\u00eb t\u00eb dh\u00ebnave t\u00eb klient\u00ebve dhe njoftimit p\u00ebr sh\u00ebrbimet dhe aktivitetet e FLSA.<\/span><\/label><\/span><\/span><\/span>\n\t\t\t\t<\/p>\n\t\t\t<\/div>\n\t\t<\/div>\n \n <!-- Submit Button -->\n\t\t<div class=\"col-lg-12 col-md-12 col-sm-12 form-group message-btn\" style=\"margin-top: 30px;\">\n\t\t\t<p><input class=\"wpcf7-form-control wpcf7-submit has-spinner theme-btn style-one\" type=\"submit\" value=\"Apliko tani\" \/>\n\t\t\t<\/p>\n\t\t<\/div>\n\t<\/div>\n<\/div><p style=\"display: none !important;\" class=\"akismet-fields-container\" data-prefix=\"_wpcf7_ak_\"><label>&#916;<textarea name=\"_wpcf7_ak_hp_textarea\" cols=\"45\" rows=\"8\" maxlength=\"100\"><\/textarea><\/label><input type=\"hidden\" id=\"ak_js_1\" name=\"_wpcf7_ak_js\" value=\"146\"\/><script>document.getElementById( \"ak_js_1\" ).setAttribute( \"value\", ( new Date() ).getTime() );<\/script><\/p><div class=\"wpcf7-response-output\" aria-hidden=\"true\"><\/div>\n<\/form>\n<\/div>\n\t\t\t<\/div>\r\n\t\t<\/div>\r\n\t<\/section>\r\n\t\t\t\t\t\t\t<\/div>\n\t\t\t\t<\/div>\n\t\t\t\t<div class=\"elementor-element elementor-element-65ad275 google-map-section elementor-widget elementor-widget-text-editor\" data-id=\"65ad275\" data-element_type=\"widget\" data-widget_type=\"text-editor.default\">\n\t\t\t\t\t\t\t\t\t<div class=\"mapouter\">\n<div class=\"gmap_canvas\"><iframe src=\"https:\/\/www.google.com\/maps\/embed?pb=!1m18!1m12!1m3!1d187674.82221625902!2d21.13081609558142!3d42.694845977527!2m3!1f0!2f0!3f0!3m2!1i1024!2i768!4f13.1!3m3!1m2!1s0x1354bd708c3037b1%3A0x6e55d3a1517ccd72!2sPristina%20Municipality!5e0!3m2!1sen!2s!4v1767620752185!5m2!1sen!2s\" width=\"600\" height=\"450\" style=\"border:0;\" allowfullscreen=\"\" loading=\"lazy\" referrerpolicy=\"no-referrer-when-downgrade\"><\/iframe><\/div>\n<\/div>\t\t\t\t\t\t\t\t<\/div>\n\t\t\t\t\t<\/div>\n\t\t<\/div>\n\t\t\t\t\t<\/div>\n\t\t<\/section>\n\t\t\t\t<section class=\"elementor-section elementor-top-section elementor-element elementor-element-ac3e13c elementor-section-stretched elementor-section-full_width elementor-hidden-phone elementor-section-height-default elementor-section-height-default\" data-id=\"ac3e13c\" data-element_type=\"section\" data-settings=\"{&quot;stretch_section&quot;:&quot;section-stretched&quot;}\">\n\t\t\t\t\t\t<div class=\"elementor-container elementor-column-gap-default\">\n\t\t\t\t\t<div class=\"elementor-column elementor-col-100 elementor-top-column elementor-element elementor-element-6ac98d4\" data-id=\"6ac98d4\" data-element_type=\"column\">\n\t\t\t<div class=\"elementor-widget-wrap elementor-element-populated\">\n\t\t\t\t\t\t<div class=\"elementor-element elementor-element-2b58afd elementor-widget elementor-widget-fionca_world_cyber\" data-id=\"2b58afd\" data-element_type=\"widget\" data-widget_type=\"fionca_world_cyber.default\">\n\t\t\t\t<div class=\"elementor-widget-container\">\n\t\t\t\t\t\t\t<!-- Style 1 -->\r\n\t\t<section class=\"world-cyber about-page-1\">\r\n\t\t\t<div class=\"pattern-layer\" style=\"background-image: url(https:\/\/flsa-ks.com\/wp-content\/uploads\/2020\/06\/shape-2.png);\"><\/div>\r\n\t\t\t<div class=\"auto-container\">\r\n\t\t\t\t<div class=\"sec-title centred\">\r\n\t\t\t\t\t<h5>I NJOHUR GLOBALISHT DHE I BESUESH\u00cbM<\/h5>\r\n\t\t\t\t\t<h2 class=\"heading\">FLSA-t\u00eb punojn\u00eb kudo<\/h2>\r\n\t\t\t\t<\/div>\r\n\t\t\t\t<div class=\"office-location\">\r\n\t\t\t\t\t<div class=\"location-area\">\r\n\t\t\t\t\t\t\t\t\t\t\t\t\t<div class=\"location-box elementor-repeater-item-062f6b6 \">\r\n\t\t\t\t\t\t\t\t<div class=\"address-box\">\r\n\t\t\t\t\t\t\t\t\t<figure class=\"icon-box\"><img decoding=\"async\" src=\"https:\/\/flsa-ks.com\/wp-content\/uploads\/2020\/06\/icon-2.png\" title=\"icon-2\" alt=\"icon-2\" loading=\"lazy\" \/><\/figure>\r\n\t\t\t\t\t\t\t\t\t<p>Serve you to reach best profits and goals.<\/p>\r\n\t\t\t\t\t\t\t\t<\/div>\r\n\t\t\t\t\t\t\t<\/div>\r\n\t\t\t\t\t\t\t\t\t\t\t\t\t<div class=\"location-box elementor-repeater-item-7756e7f \">\r\n\t\t\t\t\t\t\t\t<div class=\"address-box\">\r\n\t\t\t\t\t\t\t\t\t<figure class=\"icon-box\"><img decoding=\"async\" src=\"https:\/\/flsa-ks.com\/wp-content\/uploads\/2020\/06\/icon-2.png\" title=\"icon-2\" alt=\"icon-2\" loading=\"lazy\" \/><\/figure>\r\n\t\t\t\t\t\t\t\t\t<p>Serve you to reach best profits and goals.<\/p>\r\n\t\t\t\t\t\t\t\t<\/div>\r\n\t\t\t\t\t\t\t<\/div>\r\n\t\t\t\t\t\t\t\t\t\t\t\t\t<div class=\"location-box elementor-repeater-item-201dcd7 \">\r\n\t\t\t\t\t\t\t\t<div class=\"address-box\">\r\n\t\t\t\t\t\t\t\t\t<figure class=\"icon-box\"><img decoding=\"async\" src=\"https:\/\/flsa-ks.com\/wp-content\/uploads\/2020\/06\/icon-2.png\" title=\"icon-2\" alt=\"icon-2\" loading=\"lazy\" \/><\/figure>\r\n\t\t\t\t\t\t\t\t\t<p>Serve you to reach best profits and goals.<\/p>\r\n\t\t\t\t\t\t\t\t<\/div>\r\n\t\t\t\t\t\t\t<\/div>\r\n\t\t\t\t\t\t\t\t\t\t\t\t\t<div class=\"location-box elementor-repeater-item-de20345 \">\r\n\t\t\t\t\t\t\t\t<div class=\"address-box\">\r\n\t\t\t\t\t\t\t\t\t<figure class=\"icon-box\"><img decoding=\"async\" src=\"https:\/\/flsa-ks.com\/wp-content\/uploads\/2020\/06\/icon-2.png\" title=\"icon-2\" alt=\"icon-2\" loading=\"lazy\" \/><\/figure>\r\n\t\t\t\t\t\t\t\t\t<p>Serve you to reach best profits and goals.<\/p>\r\n\t\t\t\t\t\t\t\t<\/div>\r\n\t\t\t\t\t\t\t<\/div>\r\n\t\t\t\t\t\t\t\t\t\t\t\t\t<div class=\"location-box elementor-repeater-item-7618371 \">\r\n\t\t\t\t\t\t\t\t<div class=\"address-box\">\r\n\t\t\t\t\t\t\t\t\t<figure class=\"icon-box\"><img decoding=\"async\" src=\"https:\/\/flsa-ks.com\/wp-content\/uploads\/2020\/06\/icon-2.png\" title=\"icon-2\" alt=\"icon-2\" loading=\"lazy\" \/><\/figure>\r\n\t\t\t\t\t\t\t\t\t<p>Serve you to reach best profits and goals.<\/p>\r\n\t\t\t\t\t\t\t\t<\/div>\r\n\t\t\t\t\t\t\t<\/div>\r\n\t\t\t\t\t\t\t\t\t\t\t\t\t<div class=\"location-box elementor-repeater-item-3e0c712 \">\r\n\t\t\t\t\t\t\t\t<div class=\"address-box\">\r\n\t\t\t\t\t\t\t\t\t<figure class=\"icon-box\"><img decoding=\"async\" src=\"https:\/\/flsa-ks.com\/wp-content\/uploads\/2020\/06\/icon-2.png\" title=\"icon-2\" alt=\"icon-2\" loading=\"lazy\" \/><\/figure>\r\n\t\t\t\t\t\t\t\t\t<p>Serve you to reach best profits and goals.<\/p>\r\n\t\t\t\t\t\t\t\t<\/div>\r\n\t\t\t\t\t\t\t<\/div>\r\n\t\t\t\t\t\t\t\t\t\t\t<\/div>\r\n\t\t\t\t<\/div>\r\n\t\t\t<\/div>\r\n\t\t<\/section>\r\n\t\t<!-- world-cyber end -->\r\n\t\t\t\t\t\t<\/div>\n\t\t\t\t<\/div>\n\t\t\t\t\t<\/div>\n\t\t<\/div>\n\t\t\t\t\t<\/div>\n\t\t<\/section>\n\t\t\t\t<section class=\"elementor-section elementor-top-section elementor-element elementor-element-bc70e2d elementor-section-stretched elementor-section-full_width elementor-section-height-default elementor-section-height-default\" data-id=\"bc70e2d\" data-element_type=\"section\" data-settings=\"{&quot;stretch_section&quot;:&quot;section-stretched&quot;}\">\n\t\t\t\t\t\t<div class=\"elementor-container elementor-column-gap-default\">\n\t\t\t\t\t<div class=\"elementor-column elementor-col-100 elementor-top-column elementor-element elementor-element-a17e7c9\" data-id=\"a17e7c9\" data-element_type=\"column\">\n\t\t\t<div class=\"elementor-widget-wrap elementor-element-populated\">\n\t\t\t\t\t\t<div class=\"elementor-element elementor-element-41d4d6b elementor-widget elementor-widget-fionca_clients\" data-id=\"41d4d6b\" data-element_type=\"widget\" data-widget_type=\"fionca_clients.default\">\n\t\t\t\t<div class=\"elementor-widget-container\">\n\t\t\t\t\t\t\t\t\t\t<section class=\"clients-section\">\r\n\t\t\t\t<div class=\"auto-container\">\r\n\t\t\t\t\t<div class=\"clients-carousel owl-carousel owl-theme owl-dots-none owl-nav-none\">\r\n\t\t\t\t\t\t\r\n\t\t\t\t\t\t\t<figure class=\"client-logo\"><a href=\"https:\/\/flsa-ks.com\/\"  target=\"_blank\"  rel=\"nofollow\"><img decoding=\"async\" src=\"https:\/\/flsa-ks.com\/wp-content\/uploads\/2026\/01\/1-1.jpg\" title=\"1\" alt=\"1\" loading=\"lazy\" \/><\/a><\/figure>\r\n\t\t\t\t\t\t\r\n\t\t\t\t\t\t\t<figure class=\"client-logo\"><a href=\"https:\/\/flsa-ks.com\/\"  target=\"_blank\"  rel=\"nofollow\"><img decoding=\"async\" src=\"https:\/\/flsa-ks.com\/wp-content\/uploads\/2026\/01\/2-1.jpg\" title=\"2\" alt=\"2\" loading=\"lazy\" \/><\/a><\/figure>\r\n\t\t\t\t\t\t\r\n\t\t\t\t\t\t\t<figure class=\"client-logo\"><a href=\"https:\/\/flsa-ks.com\/\"  target=\"_blank\"  rel=\"nofollow\"><img decoding=\"async\" src=\"https:\/\/flsa-ks.com\/wp-content\/uploads\/2026\/01\/6.png\" title=\"6\" alt=\"6\" loading=\"lazy\" \/><\/a><\/figure>\r\n\t\t\t\t\t\t\r\n\t\t\t\t\t\t\t<figure class=\"client-logo\"><a href=\"https:\/\/flsa-ks.com\/\"  target=\"_blank\"  rel=\"nofollow\"><img decoding=\"async\" src=\"https:\/\/flsa-ks.com\/wp-content\/uploads\/2026\/01\/28_06_13_122482_02_05_13_55306_04_03_13_29989_MIE_LOGO.jpg\" title=\"28_06_13_122482_02_05_13_55306_04_03_13_29989_MIE_LOGO\" alt=\"28_06_13_122482_02_05_13_55306_04_03_13_29989_MIE_LOGO\" loading=\"lazy\" \/><\/a><\/figure>\r\n\t\t\t\t\t\t\r\n\t\t\t\t\t\t\t<figure class=\"client-logo\"><a href=\"https:\/\/flsa-ks.com\/\"  target=\"_blank\"  rel=\"nofollow\"><img decoding=\"async\" src=\"https:\/\/flsa-ks.com\/wp-content\/uploads\/2026\/01\/2560px-Raiffeisen_Bank_Romania.svg_.png\" title=\"2560px-Raiffeisen_Bank_Rom\u00e2nia.svg_\" alt=\"2560px-Raiffeisen_Bank_Rom\u00e2nia.svg_\" loading=\"lazy\" \/><\/a><\/figure>\r\n\t\t\t\t\t\t\r\n\t\t\t\t\t\t\t<figure class=\"client-logo\"><a href=\"\"  target=\"_blank\"  rel=\"nofollow\"><img decoding=\"async\" src=\"https:\/\/flsa-ks.com\/wp-content\/uploads\/2026\/01\/cropped-bqk-logo.png\" title=\"cropped-bqk-logo\" alt=\"cropped-bqk-logo\" loading=\"lazy\" \/><\/a><\/figure>\r\n\t\t\t\t\t\t\r\n\t\t\t\t\t\t\t<figure class=\"client-logo\"><a href=\"\"  target=\"_blank\"  rel=\"nofollow\"><img decoding=\"async\" src=\"https:\/\/flsa-ks.com\/wp-content\/uploads\/2026\/01\/images-1.png\" title=\"images (1)\" alt=\"images (1)\" loading=\"lazy\" \/><\/a><\/figure>\r\n\t\t\t\t\t\t\r\n\t\t\t\t\t\t\t<figure class=\"client-logo\"><a href=\"\"  target=\"_blank\"  rel=\"nofollow\"><img decoding=\"async\" src=\"https:\/\/flsa-ks.com\/wp-content\/uploads\/2026\/01\/images.png\" title=\"images\" alt=\"images\" loading=\"lazy\" \/><\/a><\/figure>\r\n\t\t\t\t\t\t\r\n\t\t\t\t\t\t\t<figure class=\"client-logo\"><a href=\"\"  target=\"_blank\"  rel=\"nofollow\"><img decoding=\"async\" src=\"https:\/\/flsa-ks.com\/wp-content\/uploads\/2026\/01\/KEP-TRUST.png\" title=\"KEP&#8212;TRUST\" alt=\"KEP---TRUST\" loading=\"lazy\" \/><\/a><\/figure>\r\n\t\t\t\t\t\t\r\n\t\t\t\t\t\t\t<figure class=\"client-logo\"><a href=\"\"  target=\"_blank\"  rel=\"nofollow\"><img decoding=\"async\" src=\"https:\/\/flsa-ks.com\/wp-content\/uploads\/2026\/01\/KosttLogo.png\" title=\"KosttLogo\" alt=\"KosttLogo\" loading=\"lazy\" \/><\/a><\/figure>\r\n\t\t\t\t\t\t\r\n\t\t\t\t\t<\/div>\r\n\t\t\t\t<\/div>\r\n\t\t\t<\/section>\r\n\t\t\t<!-- clients-section end -->\r\n\t\t\t\t\t\t\t\t<\/div>\n\t\t\t\t<\/div>\n\t\t\t\t\t<\/div>\n\t\t<\/div>\n\t\t\t\t\t<\/div>\n\t\t<\/section>\n\t\t\t\t<\/div>\n\t\t","protected":false},"excerpt":{"rendered":"<p>Kontakti Adresa e Zyr\u00ebs Prishtin\u00eb &#8211; Kosovo Telefoni +383 45 273 605 Email info@flsa-ks.comflsa2007@yahoo.com FORMA E APLIKIMIT ONLINE Emri dhe <span>&#8230;<\/span><\/p>\n","protected":false},"author":1,"featured_media":1062,"parent":0,"menu_order":0,"comment_status":"closed","ping_status":"closed","template":"elementor_header_footer","meta":{"_acf_changed":false,"footnotes":""},"class_list":["post-573","page","type-page","status-publish","has-post-thumbnail","hentry"],"acf":[],"_links":{"self":[{"href":"https:\/\/flsa-ks.com\/index.php\/wp-json\/wp\/v2\/pages\/573","targetHints":{"allow":["GET"]}}],"collection":[{"href":"https:\/\/flsa-ks.com\/index.php\/wp-json\/wp\/v2\/pages"}],"about":[{"href":"https:\/\/flsa-ks.com\/index.php\/wp-json\/wp\/v2\/types\/page"}],"author":[{"embeddable":true,"href":"https:\/\/flsa-ks.com\/index.php\/wp-json\/wp\/v2\/users\/1"}],"replies":[{"embeddable":true,"href":"https:\/\/flsa-ks.com\/index.php\/wp-json\/wp\/v2\/comments?post=573"}],"version-history":[{"count":31,"href":"https:\/\/flsa-ks.com\/index.php\/wp-json\/wp\/v2\/pages\/573\/revisions"}],"predecessor-version":[{"id":65375,"href":"https:\/\/flsa-ks.com\/index.php\/wp-json\/wp\/v2\/pages\/573\/revisions\/65375"}],"wp:featuredmedia":[{"embeddable":true,"href":"https:\/\/flsa-ks.com\/index.php\/wp-json\/wp\/v2\/media\/1062"}],"wp:attachment":[{"href":"https:\/\/flsa-ks.com\/index.php\/wp-json\/wp\/v2\/media?parent=573"}],"curies":[{"name":"wp","href":"https:\/\/api.w.org\/{rel}","templated":true}]}}