{"id":64650,"date":"2026-01-09T14:08:48","date_gmt":"2026-01-09T14:08:48","guid":{"rendered":"https:\/\/flsa-ks.com\/?page_id=64650"},"modified":"2026-01-15T10:20:20","modified_gmt":"2026-01-15T10:20:20","slug":"sherbimet","status":"publish","type":"page","link":"https:\/\/flsa-ks.com\/index.php\/sherbimet\/","title":{"rendered":"Sh\u00ebrbimet"},"content":{"rendered":"\t\t<div data-elementor-type=\"wp-page\" data-elementor-id=\"64650\" class=\"elementor elementor-64650\">\n\t\t\t\t\t\t<section class=\"elementor-section elementor-top-section elementor-element elementor-element-25860f1 elementor-section-stretched elementor-section-full_width elementor-section-height-default elementor-section-height-default\" data-id=\"25860f1\" data-element_type=\"section\" data-settings=\"{&quot;stretch_section&quot;:&quot;section-stretched&quot;}\">\n\t\t\t\t\t\t<div class=\"elementor-container elementor-column-gap-default\">\n\t\t\t\t\t<div class=\"elementor-column elementor-col-100 elementor-top-column elementor-element elementor-element-4199cee\" data-id=\"4199cee\" data-element_type=\"column\">\n\t\t\t<div class=\"elementor-widget-wrap elementor-element-populated\">\n\t\t\t\t\t\t<div class=\"elementor-element elementor-element-310e26a elementor-widget elementor-widget-fionca_service\" data-id=\"310e26a\" data-element_type=\"widget\" data-widget_type=\"fionca_service.default\">\n\t\t\t\t<div class=\"elementor-widget-container\">\n\t\t\t\t\t\t\t<!-- service-section -->\r\n\t\t\t\t\t<section class=\"service-section\">\r\n\t\t\t\t<div class=\"auto-container\">\r\n\t\t\t\t\t<div class=\"title-box\">\r\n\t\t\t\t\t\t<div class=\"row clearfix\">\r\n\t\t\t\t\t\t\t<div class=\"col-lg-6 col-md-12 col-sm-12 title-column\">\r\n\t\t\t\t\t\t\t\t<div class=\"sec-title right\">\r\n\t\t\t\t\t\t\t\t\t<h5>\u00c7FAR\u00cb OFROJM\u00cb NE<\/h5>\r\n\t\t\t\t\t\t\t\t\t<h2 class=\"heading\">P\u00ebrfitoni Sh\u00ebrbime <br>Ekselente p\u00ebr Rritje<\/h2>\r\n\t\t\t\t\t\t\t\t<\/div>\r\n\t\t\t\t\t\t\t<\/div>\r\n\t\t\t\t\t\t\t<div class=\"col-lg-6 col-md-12 col-sm-12 text-column\">\r\n\t\t\t\t\t\t\t\t<div class=\"text\">\r\n\t\t\t\t\t\t\t\t\t<p>FLSA ofron asistenc\u00eb profesionale dhe planifikim strategjik p\u00ebr t\u00eb siguruar efikasitetin tuaj institucional dhe rritjen financiare afatgjat\u00eb.<\/p>\r\n\t\t\t\t\t\t\t\t<\/div>\r\n\t\t\t\t\t\t\t<\/div>\r\n\t\t\t\t\t\t<\/div>\r\n\t\t\t\t\t<\/div>\r\n\t\t\t\t\t<div class=\"inner-content\">\r\n\t\t\t\t\t\t<div class=\"row clearfix\">\r\n\t\t\t\t\t\t\t\t\t\t\t\t\t\t\t<div class=\"col-lg-4 col-md-6 col-sm-12 service-block\">\r\n\t\t\t\t\t\t\t\t\t<div class=\"service-block-one wow fadeInLeft animated animated\" data-wow-delay=\"0ms\" data-wow-duration=\"1500ms\">\r\n\t\t\t\t\t\t\t\t\t\t<div class=\"inner-box\">\r\n\t\t\t\t\t\t\t\t\t\t\t<h4><a href=\"https:\/\/flsa-ks.com\/index.php\/service\/trajnime-punetori-dhe-konferenca\/\"  >TRAJNIME, PUN\u00cbTORI, SEMINARE DHE KONFERENCA<\/a><\/h4>\r\n\t\t\t\t\t\t\t\t\t\t\t<div class=\"inner\">\r\n\t\t\t\t\t\t\t\t\t\t\t\t<div class=\"icon-box\"><i aria-hidden=\"true\" class=\" flaticon-rocket\"><\/i><\/div>\r\n\t\t\t\t\t\t\t\t\t\t\t\t<p>Trajnime profesionale t\u00eb dizajnuara p\u00ebr t\u00eb rritur kapacitetet dhe efikasitetin tuaj. Kombinon teori, studime rasti dhe zbatim praktik p\u00ebr rezultate t\u00eb q\u00ebndrueshme<\/p>\r\n\t\t\t\t\t\t\t\t\t\t\t\t<a href=\"https:\/\/flsa-ks.com\/index.php\/service\/trajnime-punetori-dhe-konferenca\/\"  ><i class=\"fas fa-arrow-right\"><\/i><span>Lexo m\u00eb shum\u00eb<\/span><\/a>\r\n\t\t\t\t\t\t\t\t\t\t\t<\/div>\r\n\t\t\t\t\t\t\t\t\t\t<\/div>\r\n\t\t\t\t\t\t\t\t\t<\/div>\r\n\t\t\t\t\t\t\t\t<\/div>\r\n\t\t\t\t\t\t\t\t\t\t\t\t\t\t\t<div class=\"col-lg-4 col-md-6 col-sm-12 service-block\">\r\n\t\t\t\t\t\t\t\t\t<div class=\"service-block-one wow fadeInLeft animated animated\" data-wow-delay=\"0ms\" data-wow-duration=\"1500ms\">\r\n\t\t\t\t\t\t\t\t\t\t<div class=\"inner-box\">\r\n\t\t\t\t\t\t\t\t\t\t\t<h4><a href=\"https:\/\/flsa-ks.com\/index.php\/service\/sherbime-financiare-menaxhim-dhe-arketim-borxhesh\/\"  >SH\u00cbRBIME FINANCIARE | MENAXHIM DHE ARK\u00cbTIM BORXHESH<\/a><\/h4>\r\n\t\t\t\t\t\t\t\t\t\t\t<div class=\"inner\">\r\n\t\t\t\t\t\t\t\t\t\t\t\t<div class=\"icon-box\"><i aria-hidden=\"true\" class=\" flaticon-innovation-1\"><\/i><\/div>\r\n\t\t\t\t\t\t\t\t\t\t\t\t<p>Menaxhim i plot\u00eb financiar dhe ark\u00ebtim strategjik i borxheve. Ofrojm\u00eb kontabilitet, auditim, k\u00ebshillim tatimor dhe zgjidhje ligjore p\u00ebr mbrojtjen e aseteve tuaja<\/p>\r\n\t\t\t\t\t\t\t\t\t\t\t\t<a href=\"https:\/\/flsa-ks.com\/index.php\/service\/sherbime-financiare-menaxhim-dhe-arketim-borxhesh\/\"  ><i class=\"fas fa-arrow-right\"><\/i><span>Lexo m\u00eb shum\u00eb<\/span><\/a>\r\n\t\t\t\t\t\t\t\t\t\t\t<\/div>\r\n\t\t\t\t\t\t\t\t\t\t<\/div>\r\n\t\t\t\t\t\t\t\t\t<\/div>\r\n\t\t\t\t\t\t\t\t<\/div>\r\n\t\t\t\t\t\t\t\t\t\t\t\t\t\t\t<div class=\"col-lg-4 col-md-6 col-sm-12 service-block\">\r\n\t\t\t\t\t\t\t\t\t<div class=\"service-block-one wow fadeInLeft animated animated\" data-wow-delay=\"0ms\" data-wow-duration=\"1500ms\">\r\n\t\t\t\t\t\t\t\t\t\t<div class=\"inner-box\">\r\n\t\t\t\t\t\t\t\t\t\t\t<h4><a href=\"https:\/\/flsa-ks.com\/index.php\/service\/sherbime-juridike\/\"  >SH\u00cbRBIME JURIDIKE<\/a><\/h4>\r\n\t\t\t\t\t\t\t\t\t\t\t<div class=\"inner\">\r\n\t\t\t\t\t\t\t\t\t\t\t\t<div class=\"icon-box\"><i aria-hidden=\"true\" class=\" flaticon-presentation\"><\/i><\/div>\r\n\t\t\t\t\t\t\t\t\t\t\t\t<p>Mbrojtje dhe p\u00ebrfaq\u00ebsim ligjor i plot\u00eb n\u00eb t\u00eb gjitha deg\u00ebt e s\u00eb drejt\u00ebs. Nga kontratat dhe puna, deri te \u00e7\u00ebshtjet tregtare dhe p\u00ebrfaq\u00ebsimi gjyq\u00ebsor<\/p>\r\n\t\t\t\t\t\t\t\t\t\t\t\t<a href=\"https:\/\/flsa-ks.com\/index.php\/service\/sherbime-juridike\/\"  ><i class=\"fas fa-arrow-right\"><\/i><span>Lexo m\u00eb shum\u00eb<\/span><\/a>\r\n\t\t\t\t\t\t\t\t\t\t\t<\/div>\r\n\t\t\t\t\t\t\t\t\t\t<\/div>\r\n\t\t\t\t\t\t\t\t\t<\/div>\r\n\t\t\t\t\t\t\t\t<\/div>\r\n\t\t\t\t\t\t\t\t\t\t\t\t\t\t\t<div class=\"col-lg-4 col-md-6 col-sm-12 service-block\">\r\n\t\t\t\t\t\t\t\t\t<div class=\"service-block-one wow fadeInLeft animated animated\" data-wow-delay=\"0ms\" data-wow-duration=\"1500ms\">\r\n\t\t\t\t\t\t\t\t\t\t<div class=\"inner-box\">\r\n\t\t\t\t\t\t\t\t\t\t\t<h4><a href=\"https:\/\/flsa-ks.com\/index.php\/service\/sherbime-te-mbeshtetjes-dhe-eshillimit-per-investime\/\"  >SH\u00cbRBIME T\u00cb MB\u00cbSHTETJES DHE K\u00cbSHILLIMIT P\u00cbR INVESTIME<\/a><\/h4>\r\n\t\t\t\t\t\t\t\t\t\t\t<div class=\"inner\">\r\n\t\t\t\t\t\t\t\t\t\t\t\t<div class=\"icon-box\"><i aria-hidden=\"true\" class=\" flaticon-target\"><\/i><\/div>\r\n\t\t\t\t\t\t\t\t\t\t\t\t<p>Udh\u00ebzim i plot\u00eb p\u00ebr investitor\u00ebt e huaj n\u00eb Kosov\u00eb dhe p\u00ebr kompanit\u00eb vendore q\u00eb investojn\u00eb jasht\u00eb. Analiz\u00eb strategjike, ligjore dhe financiare p\u00ebr sukses t\u00eb garantuar<\/p>\r\n\t\t\t\t\t\t\t\t\t\t\t\t<a href=\"https:\/\/flsa-ks.com\/index.php\/service\/sherbime-te-mbeshtetjes-dhe-eshillimit-per-investime\/\"  ><i class=\"fas fa-arrow-right\"><\/i><span>Lexo m\u00eb shum\u00eb<\/span><\/a>\r\n\t\t\t\t\t\t\t\t\t\t\t<\/div>\r\n\t\t\t\t\t\t\t\t\t\t<\/div>\r\n\t\t\t\t\t\t\t\t\t<\/div>\r\n\t\t\t\t\t\t\t\t<\/div>\r\n\t\t\t\t\t\t\t\t\t\t\t\t\t\t\t<div class=\"col-lg-4 col-md-6 col-sm-12 service-block\">\r\n\t\t\t\t\t\t\t\t\t<div class=\"service-block-one wow fadeInLeft animated animated\" data-wow-delay=\"0ms\" data-wow-duration=\"1500ms\">\r\n\t\t\t\t\t\t\t\t\t\t<div class=\"inner-box\">\r\n\t\t\t\t\t\t\t\t\t\t\t<h4><a href=\"https:\/\/flsa-ks.com\/index.php\/service\/retreat\/\"  >RETREAT<\/a><\/h4>\r\n\t\t\t\t\t\t\t\t\t\t\t<div class=\"inner\">\r\n\t\t\t\t\t\t\t\t\t\t\t\t<div class=\"icon-box\"><i aria-hidden=\"true\" class=\" flaticon-idea\"><\/i><\/div>\r\n\t\t\t\t\t\t\t\t\t\t\t\t<p>Retreat-e t\u00eb personalizuara p\u00ebr t\u00eb gjitha nivelet p\u00ebr t\u00eb forcuar ekipin dhe strategjin\u00eb. Kombinon zhvillim profesional me mir\u00ebqenie p\u00ebr performanc\u00eb maksimale<\/p>\r\n\t\t\t\t\t\t\t\t\t\t\t\t<a href=\"https:\/\/flsa-ks.com\/index.php\/service\/retreat\/\"  ><i class=\"fas fa-arrow-right\"><\/i><span>Lexo m\u00eb shum\u00eb<\/span><\/a>\r\n\t\t\t\t\t\t\t\t\t\t\t<\/div>\r\n\t\t\t\t\t\t\t\t\t\t<\/div>\r\n\t\t\t\t\t\t\t\t\t<\/div>\r\n\t\t\t\t\t\t\t\t<\/div>\r\n\t\t\t\t\t\t\t\t\t\t\t\t\t\t\t<div class=\"col-lg-4 col-md-6 col-sm-12 service-block\">\r\n\t\t\t\t\t\t\t\t\t<div class=\"service-block-one wow fadeInLeft animated animated\" data-wow-delay=\"0ms\" data-wow-duration=\"1500ms\">\r\n\t\t\t\t\t\t\t\t\t\t<div class=\"inner-box\">\r\n\t\t\t\t\t\t\t\t\t\t\t<h4><a href=\"https:\/\/flsa-ks.com\/index.php\/service\/konsulenca-dhe-sherbime-te-tjera-specifike\/\"  >KONSULENCA DHE SH\u00cbRBIME T\u00cb TJERA SPECIFIKE<\/a><\/h4>\r\n\t\t\t\t\t\t\t\t\t\t\t<div class=\"inner\">\r\n\t\t\t\t\t\t\t\t\t\t\t\t<div class=\"icon-box\"><i aria-hidden=\"true\" class=\" flaticon-search\"><\/i><\/div>\r\n\t\t\t\t\t\t\t\t\t\t\t\t<p>Zgjidhje t\u00eb personalizuara p\u00ebr \u00e7do sfid\u00eb unike. Nga menaxhimi i projekteve dhe grantet, deri te sh\u00ebrbimet teknike, administrative dhe t\u00eb siguris\u00eb<\/p>\r\n\t\t\t\t\t\t\t\t\t\t\t\t<a href=\"https:\/\/flsa-ks.com\/index.php\/service\/konsulenca-dhe-sherbime-te-tjera-specifike\/\"  ><i class=\"fas fa-arrow-right\"><\/i><span>Lexo m\u00eb shum\u00eb<\/span><\/a>\r\n\t\t\t\t\t\t\t\t\t\t\t<\/div>\r\n\t\t\t\t\t\t\t\t\t\t<\/div>\r\n\t\t\t\t\t\t\t\t\t<\/div>\r\n\t\t\t\t\t\t\t\t<\/div>\r\n\t\t\t\t\t\t\t\t\t\t\t\t\t<\/div>\r\n\t\t\t\t\t<\/div>\r\n\t\t\t\t<\/div>\r\n\t\t\t<\/section>\r\n\t\t\t<!-- service-section end -->\r\n\t\t\t\t<!-- service-style-five end -->\r\n\t\t\t\t\t\t<\/div>\n\t\t\t\t<\/div>\n\t\t\t\t\t<\/div>\n\t\t<\/div>\n\t\t\t\t\t<\/div>\n\t\t<\/section>\n\t\t\t\t<\/div>\n\t\t","protected":false},"excerpt":{"rendered":"<p>\u00c7FAR\u00cb OFROJM\u00cb NE P\u00ebrfitoni Sh\u00ebrbime Ekselente p\u00ebr Rritje FLSA ofron asistenc\u00eb profesionale dhe planifikim strategjik p\u00ebr t\u00eb siguruar efikasitetin tuaj <span>&#8230;<\/span><\/p>\n","protected":false},"author":1,"featured_media":0,"parent":0,"menu_order":0,"comment_status":"closed","ping_status":"closed","template":"elementor_header_footer","meta":{"_acf_changed":false,"footnotes":""},"class_list":["post-64650","page","type-page","status-publish","hentry"],"acf":[],"_links":{"self":[{"href":"https:\/\/flsa-ks.com\/index.php\/wp-json\/wp\/v2\/pages\/64650","targetHints":{"allow":["GET"]}}],"collection":[{"href":"https:\/\/flsa-ks.com\/index.php\/wp-json\/wp\/v2\/pages"}],"about":[{"href":"https:\/\/flsa-ks.com\/index.php\/wp-json\/wp\/v2\/types\/page"}],"author":[{"embeddable":true,"href":"https:\/\/flsa-ks.com\/index.php\/wp-json\/wp\/v2\/users\/1"}],"replies":[{"embeddable":true,"href":"https:\/\/flsa-ks.com\/index.php\/wp-json\/wp\/v2\/comments?post=64650"}],"version-history":[{"count":8,"href":"https:\/\/flsa-ks.com\/index.php\/wp-json\/wp\/v2\/pages\/64650\/revisions"}],"predecessor-version":[{"id":64910,"href":"https:\/\/flsa-ks.com\/index.php\/wp-json\/wp\/v2\/pages\/64650\/revisions\/64910"}],"wp:attachment":[{"href":"https:\/\/flsa-ks.com\/index.php\/wp-json\/wp\/v2\/media?parent=64650"}],"curies":[{"name":"wp","href":"https:\/\/api.w.org\/{rel}","templated":true}]}}