{"id":65319,"date":"2026-01-28T13:30:57","date_gmt":"2026-01-28T13:30:57","guid":{"rendered":"https:\/\/flsa-ks.com\/?page_id=65319"},"modified":"2026-01-28T13:37:45","modified_gmt":"2026-01-28T13:37:45","slug":"trajnime-seminare-dhe-konferenca-te-realizuara","status":"publish","type":"page","link":"https:\/\/flsa-ks.com\/index.php\/trajnime-seminare-dhe-konferenca-te-realizuara\/","title":{"rendered":"Trajnime, Seminare dhe Konferenca t\u00eb realizuara"},"content":{"rendered":"\t\t<div data-elementor-type=\"wp-page\" data-elementor-id=\"65319\" class=\"elementor elementor-65319\">\n\t\t\t\t<div class=\"elementor-element elementor-element-685203f e-flex e-con-boxed e-con e-parent\" data-id=\"685203f\" data-element_type=\"container\">\n\t\t\t\t\t<div class=\"e-con-inner\">\n\t\t\t\t<div class=\"elementor-element elementor-element-4a7d600 elementor-widget elementor-widget-text-editor\" data-id=\"4a7d600\" data-element_type=\"widget\" data-widget_type=\"text-editor.default\">\n\t\t\t\t\t\t\t\t\t<p>N\u00eb periudh\u00ebn 2007-2025, Financial Law Smart Agency L.L.C (FLSA), ka realizuar me sukses nj\u00eb num\u00ebr t\u00eb konsideruesh\u00ebm t\u00eb trajnimeve, seminareve dhe konferencave profesionale, duke kontribuar drejtp\u00ebrdrejt n\u00eb rritjen e kapaciteteve institucionale, forcimin e efikasitetit organizativ dhe avancimin e profesionalizmit t\u00eb burimeve njer\u00ebzore n\u00eb sektorin publik, sektorin privat dhe organizatat joqeveritare.<\/p><p>Gjat\u00eb k\u00ebsaj periudhe, FLSA ka zbatuar programe dhe projekte t\u00eb edukimit n\u00eb vazhdim n\u00eb bashk\u00ebpunim me partner\u00eb vendor\u00eb dhe nd\u00ebrkomb\u00ebtar\u00eb, si dhe me ekspert\u00eb me p\u00ebrvoj\u00eb t\u00eb gjer\u00eb profesionale, duke aplikuar praktikat m\u00eb t\u00eb mira vendore dhe nd\u00ebrkomb\u00ebtare dhe duke kombinuar qasjen teorike me zgjidhje praktike, analiza t\u00eb rasteve konkrete dhe ushtrime interaktive.<\/p><p>Fushat kryesore t\u00eb trajnimeve dhe projekteve t\u00eb realizuara kan\u00eb p\u00ebrfshir\u00eb:<\/p><p><font color=\"#666666\">&#8211;<span style=\"white-space:pre\">\t<\/span>planifikim strategjik dhe menaxhim t\u00eb projekteve;<\/font><\/p><p><font color=\"#666666\">&#8211;<span style=\"white-space:pre\">\t<\/span>lidership, komunikim, negocim dhe zhvillim personal;<\/font><\/p><p><font color=\"#666666\">&#8211;<span style=\"white-space:pre\">\t<\/span>financa publike, planifikim buxhetor, menaxhim dhe raportim financiar;<\/font><\/p><p><font color=\"#666666\">&#8211;<span style=\"white-space:pre\">\t<\/span>prokurim publik dhe menaxhim t\u00eb kontratave;<\/font><\/p><p><font color=\"#666666\">&#8211;<span style=\"white-space:pre\">\t<\/span>menaxhim dhe zhvillim t\u00eb burimeve njer\u00ebzore, vler\u00ebsim t\u00eb performanc\u00ebs dhe kultur\u00eb organizative;<\/font><\/p><p><font color=\"#666666\">&#8211;<span style=\"white-space:pre\">\t<\/span>administrat\u00eb publike, qeverisje t\u00eb mir\u00eb dhe politika publike;&nbsp;<\/font><\/p><p><font color=\"#666666\">&#8211;<span style=\"white-space:pre\">\t<\/span>auditim, kontroll t\u00eb brendsh\u00ebm dhe menaxhim t\u00eb rreziqeve;<\/font><\/p><p><font color=\"#666666\">&#8211;<span style=\"white-space:pre\">\t<\/span>ligjore, anti-korrupsion, integritet, qasje n\u00eb dokumente publike dhe mbrojtje t\u00eb t\u00eb dh\u00ebnave personale;<\/font><\/p><p><font color=\"#666666\">&#8211;<span style=\"white-space:pre\">\t<\/span>menaxhim t\u00eb proceseve n\u00eb sektorin e sh\u00ebndet\u00ebsis\u00eb, arsimit dhe nd\u00ebrmarrjeve publike;<\/font><\/p><p><font color=\"#666666\">&#8211;<span style=\"white-space:pre\">\t<\/span>financa, kontabilitet, tatime, sigurime dhe menaxhim t\u00eb biznesit n\u00eb sektorin privat;<\/font><\/p><p><font color=\"#666666\">&#8211;<span style=\"white-space:pre\">\t<\/span>zbatim t\u00eb ligjeve specifike;<\/font><\/p><p><font color=\"#666666\">&#8211;<span style=\"white-space:pre\">\t<\/span>banka dhe financa;<\/font><\/p><p><font color=\"#666666\">&#8211;<span style=\"white-space:pre\">\t<\/span>administrim t\u00eb pun\u00ebs n\u00eb zyre dhe arkivim;<\/font><\/p><p><font color=\"#666666\">&#8211;<span style=\"white-space:pre\">\t<\/span>emergjenca etj.<\/font><\/p><p><br><\/p><p>Klient\u00ebt e FLSA-s\u00eb nd\u00ebr vite p\u00ebrfshijn\u00eb:<\/p><p><br><\/p><p><font color=\"#666666\">&#8211;<span style=\"white-space:pre\">\t<\/span>Organizata nd\u00ebrkomb\u00ebtare dhe joqeveritare:<\/font><\/p><p>Programi i Kombeve t\u00eb Bashkuara p\u00ebr Zhvillim (UNDP), K\u00ebshilli Danez p\u00ebr Refugjat\u00eb, Nj\u00ebsia p\u00ebr Menaxhimin e Projekteve t\u00eb Fondit Global \/ Ministria e Sh\u00ebndet\u00ebsis\u00eb, Agjencia Kosovare p\u00ebr Avokim dhe Zhvillim (KAAD), Projekti KSV 019 n\u00eb Zyren e Kryeministrit q\u00eb \u00ebsht\u00eb mb\u00ebshtetur nga Luxembourg Development Cooperation (LuxDev), si dhe organizata dhe projekte t\u00eb tjera t\u00eb mb\u00ebshtetura nga partner\u00eb nd\u00ebrkomb\u00ebtar\u00eb.<\/p><p><br><\/p><p><font color=\"#666666\">&#8211;<span style=\"white-space:pre\">\t<\/span>Sektori financiar, privat dhe sh\u00ebrbime:<\/font><\/p><p>Raiffeisen Bank, NLB Banka-Prishtina, Banka Ekonomike, Banka Private e Biznesit, Institucionet Mikrofinanciare FINCA dhe KEP, kompanit\u00eb e sigurimeve Illyria, Sigma-Vienna Insurance Group, Sigal-Uniqa Group Austria dhe Sigkos, si dhe kompani private: KEDS, iC Consulenten Sh.p.k., SHT\u00cbPIAKU Clean Service, NNT Fitimi, Autoservis Suzuki, Kompania Turistike DITA etj.<\/p><p><br><\/p><p><font color=\"#666666\">&#8211;<span style=\"white-space:pre\">\t<\/span>Institucione qendrore dhe t\u00eb pavarura<\/font><\/p><p>Kuvendi i Republik\u00ebs s\u00eb Kosov\u00ebs, Zyra e Kryeministrit t\u00eb Republik\u00ebs s\u00eb Kosov\u00ebs, ministrit\u00eb e linj\u00ebs, Gjykata Kushtetuese e Kosov\u00ebs, Agjencia Kund\u00ebr Korrupsionit, Dogana e Kosov\u00ebs, Administrata Tatimore e Kosov\u00ebs, Organi Shqyrtues i Prokurimit, Agjencia Qendrore e Prokurimit, Komisioni Rregullativ i Prokurimit Publik, Komisioni Qendror i Zgjedhjeve, Paneli Zgjedhor p\u00ebr Ankesa dhe Parashtresa, Institucioni i Avokatit t\u00eb Popullit, K\u00ebshilli Gjyq\u00ebsor i Kosov\u00ebs, K\u00ebshilli Prokurorial i Kosov\u00ebs, Banka Qendrore e Republik\u00ebs s\u00eb Kosov\u00ebs, Zyra e Rregullatorit p\u00ebr Energji dhe Zyra e Rregullatorit p\u00ebr Uj\u00eb dhe Mbeturina etj.<\/p><p><br><\/p><p><font color=\"#666666\">&#8211;<span style=\"white-space:pre\">\t<\/span>Komuna dhe nd\u00ebrmarrje publike:<\/font><\/p><p>Komunat si: Prishtin\u00eb, Mitrovic\u00eb e Jugut, Mitrovic\u00eb e Veriut, Gjilan, Gjakov\u00eb, Pej\u00eb, Vushtrris\u00eb, Skenderaj, Drenas, Kamenic\u00eb, Fush\u00eb Kosov\u00eb, Gra\u00e7anic\u00eb, Hanit i Elezit, Viti, Ka\u00e7anik, Klin\u00eb dhe Lipjan, si dhe nd\u00ebrmarrje publike si KOSTT sh.a., Korporata Energjetike e Kosov\u00ebs, NH Ib\u00ebr-Lepenc, Aeroporti Nd\u00ebrkomb\u00ebtar i Prishtin\u00ebs, Radio Televizioni i Kosov\u00ebs, Trep\u00e7a, Kompania Rajonale e Uj\u00ebsjell\u00ebsit \u201cPrishtina\u201d, Trafiku Urban dhe Hortikultura etj.<\/p><p><br><\/p><p><font color=\"#666666\">&#8211;<span style=\"white-space:pre\">\t<\/span>Institucione t\u00eb sh\u00ebndet\u00ebsis\u00eb dhe arsimit:<\/font><\/p><p>Sh\u00ebrbimi Spitalor Klinik Universitar, Qendra Klinike Universitare e Kosov\u00ebs, spitalet rajonale t\u00eb Prizrenit, Gjakov\u00ebs, Gjilanit dhe Mitrovic\u00ebs, Agjencia p\u00ebr Produkte dhe Pajisje Medicinale, Qendra Komb\u00ebtare e Transfuzionit t\u00eb Gjakut, Qendra Universitare Stomatologjike e Kosov\u00ebs, Spitali Sheikh Zayed-Vushtrri, Qendra e Sh\u00ebndetit Mendor- Prishtin\u00eb, Akademia e Shkencave dhe Arteve e Kosov\u00ebs, Universiteti i Prishtin\u00ebs, Universiteti i Prizrenit, Universiteti i Ferizajit, Universiteti i Gjakov\u00ebs dhe Akademia e Kosov\u00ebs p\u00ebr Siguri Publike etj.&nbsp;<\/p><p>P\u00ebrmes angazhimit t\u00eb saj, FLSA ka nd\u00ebrtuar nj\u00eb portofol t\u00eb gjer\u00eb projektesh t\u00eb suksesshme, duke u pozicionuar si partner i besuesh\u00ebm p\u00ebr institucione dhe organizata q\u00eb synojn\u00eb zhvillim t\u00eb q\u00ebndruesh\u00ebm, rritje t\u00eb kapaciteteve profesionale dhe zbatim efektiv t\u00eb reformave ligjore, financiare dhe organizative.<\/p>\t\t\t\t\t\t\t\t<\/div>\n\t\t\t\t\t<\/div>\n\t\t\t\t<\/div>\n\t\t\t\t<\/div>\n\t\t","protected":false},"excerpt":{"rendered":"<p>N\u00eb periudh\u00ebn 2007-2025, Financial Law Smart Agency L.L.C (FLSA), ka realizuar me sukses nj\u00eb num\u00ebr t\u00eb konsideruesh\u00ebm t\u00eb trajnimeve, seminareve <span>&#8230;<\/span><\/p>\n","protected":false},"author":1,"featured_media":0,"parent":0,"menu_order":0,"comment_status":"closed","ping_status":"closed","template":"","meta":{"_acf_changed":false,"footnotes":""},"class_list":["post-65319","page","type-page","status-publish","hentry"],"acf":[],"_links":{"self":[{"href":"https:\/\/flsa-ks.com\/index.php\/wp-json\/wp\/v2\/pages\/65319","targetHints":{"allow":["GET"]}}],"collection":[{"href":"https:\/\/flsa-ks.com\/index.php\/wp-json\/wp\/v2\/pages"}],"about":[{"href":"https:\/\/flsa-ks.com\/index.php\/wp-json\/wp\/v2\/types\/page"}],"author":[{"embeddable":true,"href":"https:\/\/flsa-ks.com\/index.php\/wp-json\/wp\/v2\/users\/1"}],"replies":[{"embeddable":true,"href":"https:\/\/flsa-ks.com\/index.php\/wp-json\/wp\/v2\/comments?post=65319"}],"version-history":[{"count":4,"href":"https:\/\/flsa-ks.com\/index.php\/wp-json\/wp\/v2\/pages\/65319\/revisions"}],"predecessor-version":[{"id":65327,"href":"https:\/\/flsa-ks.com\/index.php\/wp-json\/wp\/v2\/pages\/65319\/revisions\/65327"}],"wp:attachment":[{"href":"https:\/\/flsa-ks.com\/index.php\/wp-json\/wp\/v2\/media?parent=65319"}],"curies":[{"name":"wp","href":"https:\/\/api.w.org\/{rel}","templated":true}]}}