{"id":704,"date":"2020-06-25T12:12:51","date_gmt":"2020-06-25T12:12:51","guid":{"rendered":"https:\/\/flsa-ks.com?page_id=704"},"modified":"2026-01-28T13:28:48","modified_gmt":"2026-01-28T13:28:48","slug":"ekspertize-dhe-partneritete-nderkombtare","status":"publish","type":"page","link":"https:\/\/flsa-ks.com\/index.php\/ekspertize-dhe-partneritete-nderkombtare\/","title":{"rendered":"Ekspertiz\u00eb dhe Partneritete Nd\u00ebrkombtare"},"content":{"rendered":"\t\t<div data-elementor-type=\"wp-page\" data-elementor-id=\"704\" class=\"elementor elementor-704\">\n\t\t\t\t<div class=\"elementor-element elementor-element-bef4176 e-flex e-con-boxed e-con e-parent\" data-id=\"bef4176\" data-element_type=\"container\">\n\t\t\t\t\t<div class=\"e-con-inner\">\n\t\t\t\t<div class=\"elementor-element elementor-element-d006103 elementor-widget elementor-widget-text-editor\" data-id=\"d006103\" data-element_type=\"widget\" data-widget_type=\"text-editor.default\">\n\t\t\t\t\t\t\t\t\t<p>Financial Law Smart Agency (FLSA) ka realizuar projekte t\u00eb r\u00ebnd\u00ebsishme n\u00eb fush\u00ebn e sh\u00ebndet\u00ebsis\u00eb publike t\u00eb financuara nga Nj\u00ebsia p\u00ebr Menaxhimin e Projekteve t\u00eb Fondit Global \/ Ministria e Sh\u00ebndet\u00ebsis\u00eb, duke kontribuar n\u00eb forcimin e kapaciteteve institucionale dhe profesionale n\u00eb Kosov\u00eb.<\/p><p>K\u00ebto projekte, FLSA i ka realizuar me ekspert\u00eb t\u00eb njohur nd\u00ebrkomb\u00ebtar\u00eb, me p\u00ebrvoj\u00eb t\u00eb gjer\u00eb n\u00eb programet e sh\u00ebndetit publik dhe politikat globale sh\u00ebndet\u00ebsore, p\u00ebrfshir\u00eb:<\/p><p><font color=\"#666666\">&#8211;<span style=\"white-space:pre\">\t<\/span>Sevim Ahamadov \u2013 ekspert nga Shtetet e Bashkuara t\u00eb Amerik\u00ebs, an\u00ebtar i Organizat\u00ebs Bot\u00ebrore t\u00eb Sh\u00ebndet\u00ebsis\u00eb, me p\u00ebrvoj\u00eb profesionale n\u00eb programet nd\u00ebrkomb\u00ebtare p\u00ebr parandalimin dhe kontrollin e s\u00ebmundjeve infektive;<\/font><\/p><p><br><\/p><p><font color=\"#666666\">&#8211;<span style=\"white-space:pre\">\t<\/span>Anne Christine Hanser \u2013 eksperte nga Gjermania, me kontribut t\u00eb ve\u00e7ant\u00eb n\u00eb menaxhimin e projekteve\/programeve sh\u00ebndet\u00ebsore dhe monitorimin e performanc\u00ebs s\u00eb projekteve;<\/font><\/p><p><br><\/p><p><font color=\"#666666\">&#8211;<span style=\"white-space:pre\">\t<\/span>Hasan Hafizi \u2013 ekspert nga Shqip\u00ebria, me p\u00ebrvoj\u00eb n\u00eb hartimin dhe&nbsp; implementimin e strategjive sh\u00ebndet\u00ebsore dhe mb\u00ebshtetjen teknike t\u00eb institucioneve publike.<\/font><\/p><p><br><\/p><p>Nd\u00ebr projektet e realizuara nga FLSA, jan\u00eb:&nbsp;<\/p><p><font color=\"#666666\">&#8211;<span style=\"white-space:pre\">\t<\/span>Evoluimi dhe monitorimi i tuberkulozit n\u00eb Kosov\u00eb;<\/font><\/p><p><font color=\"#666666\">&#8211;<span style=\"white-space:pre\">\t<\/span>DOTS Strategji;<\/font><\/p><p><font color=\"#666666\">&#8211;<span style=\"white-space:pre\">\t<\/span>Menaxhimi ciklik i projekteve, duke p\u00ebrfshir\u00eb planifikimin, zbatimin, monitorimin dhe vler\u00ebsimin e tyre.<\/font><\/p><p>P\u00ebrmes k\u00ebtyre projekteve, dhe projekteve tjera FLSA ka kontribuar drejtp\u00ebrdrejt n\u00eb p\u00ebrmir\u00ebsimin e politikave sh\u00ebndet\u00ebsore, rritjen e kapaciteteve profesionale dhe avancimin e standardeve t\u00eb menaxhimit t\u00eb projekteve n\u00eb sektorin e sh\u00ebndet\u00ebsis\u00eb n\u00eb Kosov\u00eb.<\/p>\t\t\t\t\t\t\t\t<\/div>\n\t\t\t\t\t<\/div>\n\t\t\t\t<\/div>\n\t\t\t\t<\/div>\n\t\t","protected":false},"excerpt":{"rendered":"<p>Lorem ipsum dolor sit amet, consectetur adipiscing elit. Ut elit tellus, luctus nec ullamcorper mattis, pulvinar dapibus leo.<\/p>\n","protected":false},"author":1,"featured_media":1063,"parent":0,"menu_order":0,"comment_status":"closed","ping_status":"closed","template":"","meta":{"_acf_changed":false,"footnotes":""},"class_list":["post-704","page","type-page","status-publish","has-post-thumbnail","hentry"],"acf":[],"_links":{"self":[{"href":"https:\/\/flsa-ks.com\/index.php\/wp-json\/wp\/v2\/pages\/704","targetHints":{"allow":["GET"]}}],"collection":[{"href":"https:\/\/flsa-ks.com\/index.php\/wp-json\/wp\/v2\/pages"}],"about":[{"href":"https:\/\/flsa-ks.com\/index.php\/wp-json\/wp\/v2\/types\/page"}],"author":[{"embeddable":true,"href":"https:\/\/flsa-ks.com\/index.php\/wp-json\/wp\/v2\/users\/1"}],"replies":[{"embeddable":true,"href":"https:\/\/flsa-ks.com\/index.php\/wp-json\/wp\/v2\/comments?post=704"}],"version-history":[{"count":8,"href":"https:\/\/flsa-ks.com\/index.php\/wp-json\/wp\/v2\/pages\/704\/revisions"}],"predecessor-version":[{"id":65318,"href":"https:\/\/flsa-ks.com\/index.php\/wp-json\/wp\/v2\/pages\/704\/revisions\/65318"}],"wp:featuredmedia":[{"embeddable":true,"href":"https:\/\/flsa-ks.com\/index.php\/wp-json\/wp\/v2\/media\/1063"}],"wp:attachment":[{"href":"https:\/\/flsa-ks.com\/index.php\/wp-json\/wp\/v2\/media?parent=704"}],"curies":[{"name":"wp","href":"https:\/\/api.w.org\/{rel}","templated":true}]}}